{"id":6718,"date":"2025-05-07T11:39:37","date_gmt":"2025-05-07T08:39:37","guid":{"rendered":"https:\/\/www.avrasyadental.com\/?post_type=product&#038;p=6718"},"modified":"2025-05-07T11:39:38","modified_gmt":"2025-05-07T08:39:38","slug":"ultradent-opalescence-ofis-tipi-beyazlatma-10-hastalik","status":"publish","type":"product","link":"https:\/\/www.avrasyadental.com\/ru\/urun\/ultradent-opalescence-ofis-tipi-beyazlatma-10-hastalik\/","title":{"rendered":"Ultradent Opalescence Ofis Tipi Beyazlatma 10 Hastal\u0131k"},"content":{"rendered":"<p>Opalescence Boost ofis tipi beyazlatma kimyasal olarak aktive olur, bu nedenle beyazlatma i\u00e7in \u0131\u015f\u0131\u011fa ihtiya\u00e7 duymaz. \u015e\u0131r\u0131ngadan \u015f\u0131r\u0131ngaya kar\u0131\u015ft\u0131rma, \u00fcr\u00fcn\u00fc uygulamadan hemen \u00f6nce etkinle\u015ftirir. Aktive edilmi\u015f %40 hidrojen peroksit, \u015f\u0131r\u0131nga ile kolayca iletilir ve beyazlatma i\u00e7in di\u015flere uygulan\u0131r.<\/p>\n<p>G\u00f6z \u00f6n\u00fcnde bulundurulmas\u0131 gereken ba\u015fka bir\u00e7ok fakt\u00f6r olsa da, ba\u015flang\u0131\u00e7 rengi, i\u015flem sonras\u0131 i\u00e7in uygun beklentilerin temelini olu\u015fturur. Bu \u00f6zellikle ofis tipi beyazlatma i\u00e7in \u00e7ok \u00f6nemlidir. Uygulama yap\u0131lan ki\u015filer sonu\u00e7lar\u0131 hemen g\u00f6rebilir ve \u00e7o\u011fu durumda di\u015fler uygulamadan 24-48 saat sonra beyazlamaya devam edecektir.<\/p>\n<p>I\u015eI\u011eA GEREKS\u0130N\u0130M YOKTUR!<br \/>\nBuzdolab\u0131nda saklanmas\u0131 gerekmez<br \/>\nG\u00fc\u00e7l\u00fc %40 hidrojen peroksit jel<br \/>\nToplam 40\u201360 dakikal\u0131k bir uygulama s\u00fcresi i\u00e7in iki ila \u00fc\u00e7 20 dakikal\u0131k uygulama, bir seansta 3 uygulamadan fazlas\u0131 yap\u0131lmamal\u0131<br \/>\nOpalescence Boost beyazlatma jeli uygulama yap\u0131lan ki\u015finin rahatl\u0131\u011f\u0131n\u0131 maksimuma \u00e7\u0131karmak \u00fczere tasarlanm\u0131\u015ft\u0131r<br \/>\nHassas uygulama<br \/>\nTam olarak temizlemek i\u00e7in kolay g\u00f6r\u00fcn\u00fcrl\u00fck<br \/>\nDi\u015f hekimi koltu\u011fu ba\u015f\u0131nda \u015f\u0131r\u0131ngadan \u015f\u0131r\u0131ngaya kar\u0131\u015ft\u0131rma maksimum g\u00fcc\u00fc sa\u011flar<br \/>\nOpalescence Boost di\u015f beyazlatma jeli PF (potasyum nitrat ve flor\u00fcr) i\u00e7erir<\/p>","protected":false},"excerpt":{"rendered":"<p>Opalescence Boost ofis tipi beyazlatma kimyasal olarak aktive olur, bu nedenle beyazlatma i\u00e7in \u0131\u015f\u0131\u011fa ihtiya\u00e7 duymaz. \u015e\u0131r\u0131ngadan \u015f\u0131r\u0131ngaya kar\u0131\u015ft\u0131rma, \u00fcr\u00fcn\u00fc uygulamadan hemen \u00f6nce etkinle\u015ftirir. Aktive edilmi\u015f %40 hidrojen peroksit, \u015f\u0131r\u0131nga ile kolayca iletilir ve beyazlatma i\u00e7in di\u015flere uygulan\u0131r.<\/p>","protected":false},"featured_media":6719,"comment_status":"open","ping_status":"closed","template":"","meta":[],"product_brand":[],"product_cat":[1381,1383,1347],"product_tag":[1736,1735,1734],"class_list":{"0":"post-6718","1":"product","2":"type-product","3":"status-publish","4":"has-post-thumbnail","6":"product_cat-detertraj-beyazlatma","7":"product_cat-ofis-tipi","8":"product_cat-protetik-tedavi","9":"product_tag-beyazlatma","10":"product_tag-opalescence","11":"product_tag-ultradent","13":"first","14":"instock","15":"sale","16":"taxable","17":"shipping-taxable","18":"purchasable","19":"product-type-simple"},"_links":{"self":[{"href":"https:\/\/www.avrasyadental.com\/ru\/wp-json\/wp\/v2\/product\/6718","targetHints":{"allow":["GET"]}}],"collection":[{"href":"https:\/\/www.avrasyadental.com\/ru\/wp-json\/wp\/v2\/product"}],"about":[{"href":"https:\/\/www.avrasyadental.com\/ru\/wp-json\/wp\/v2\/types\/product"}],"replies":[{"embeddable":true,"href":"https:\/\/www.avrasyadental.com\/ru\/wp-json\/wp\/v2\/comments?post=6718"}],"wp:featuredmedia":[{"embeddable":true,"href":"https:\/\/www.avrasyadental.com\/ru\/wp-json\/wp\/v2\/media\/6719"}],"wp:attachment":[{"href":"https:\/\/www.avrasyadental.com\/ru\/wp-json\/wp\/v2\/media?parent=6718"}],"wp:term":[{"taxonomy":"product_brand","embeddable":true,"href":"https:\/\/www.avrasyadental.com\/ru\/wp-json\/wp\/v2\/product_brand?post=6718"},{"taxonomy":"product_cat","embeddable":true,"href":"https:\/\/www.avrasyadental.com\/ru\/wp-json\/wp\/v2\/product_cat?post=6718"},{"taxonomy":"product_tag","embeddable":true,"href":"https:\/\/www.avrasyadental.com\/ru\/wp-json\/wp\/v2\/product_tag?post=6718"}],"curies":[{"name":"wp","href":"https:\/\/api.w.org\/{rel}","templated":true}]}}