{"id":6741,"date":"2025-05-07T13:40:20","date_gmt":"2025-05-07T10:40:20","guid":{"rendered":"https:\/\/www.avrasyadental.com\/?post_type=product&#038;p=6741"},"modified":"2025-05-07T13:40:22","modified_gmt":"2025-05-07T10:40:22","slug":"fgm-condac-porcelena-asit","status":"publish","type":"product","link":"https:\/\/www.avrasyadental.com\/ru\/urun\/fgm-condac-porcelena-asit\/","title":{"rendered":"Fgm Condac Porcelena Asit"},"content":{"rendered":"<p>Porseleni p\u00fcr\u00fczlendirmek i\u00e7in kullan\u0131lan %10&#8217;luk hidrofilik asit.<\/p>","protected":false},"excerpt":{"rendered":"<p>Porseleni p\u00fcr\u00fczlendirmek i\u00e7in kullan\u0131lan %10&#8217;luk hidrofilik asit.<\/p>","protected":false},"featured_media":6742,"comment_status":"open","ping_status":"closed","template":"","meta":[],"product_brand":[],"product_cat":[1292,1308,1311],"product_tag":[1737,1747],"class_list":{"0":"post-6741","1":"product","2":"type-product","3":"status-publish","4":"has-post-thumbnail","6":"product_cat-restoratif","7":"product_cat-bond-asit","8":"product_cat-sari-asit","9":"product_tag-fgm","10":"product_tag-porselen-asiti","12":"first","13":"instock","14":"taxable","15":"shipping-taxable","16":"purchasable","17":"product-type-simple"},"_links":{"self":[{"href":"https:\/\/www.avrasyadental.com\/ru\/wp-json\/wp\/v2\/product\/6741","targetHints":{"allow":["GET"]}}],"collection":[{"href":"https:\/\/www.avrasyadental.com\/ru\/wp-json\/wp\/v2\/product"}],"about":[{"href":"https:\/\/www.avrasyadental.com\/ru\/wp-json\/wp\/v2\/types\/product"}],"replies":[{"embeddable":true,"href":"https:\/\/www.avrasyadental.com\/ru\/wp-json\/wp\/v2\/comments?post=6741"}],"wp:featuredmedia":[{"embeddable":true,"href":"https:\/\/www.avrasyadental.com\/ru\/wp-json\/wp\/v2\/media\/6742"}],"wp:attachment":[{"href":"https:\/\/www.avrasyadental.com\/ru\/wp-json\/wp\/v2\/media?parent=6741"}],"wp:term":[{"taxonomy":"product_brand","embeddable":true,"href":"https:\/\/www.avrasyadental.com\/ru\/wp-json\/wp\/v2\/product_brand?post=6741"},{"taxonomy":"product_cat","embeddable":true,"href":"https:\/\/www.avrasyadental.com\/ru\/wp-json\/wp\/v2\/product_cat?post=6741"},{"taxonomy":"product_tag","embeddable":true,"href":"https:\/\/www.avrasyadental.com\/ru\/wp-json\/wp\/v2\/product_tag?post=6741"}],"curies":[{"name":"wp","href":"https:\/\/api.w.org\/{rel}","templated":true}]}}