{"id":6867,"date":"2025-05-12T17:19:23","date_gmt":"2025-05-12T14:19:23","guid":{"rendered":"https:\/\/www.avrasyadental.com\/?post_type=product&#038;p=6867"},"modified":"2025-05-12T17:19:24","modified_gmt":"2025-05-12T14:19:24","slug":"vannini-protesil-aljinat","status":"publish","type":"product","link":"https:\/\/www.avrasyadental.com\/ru\/urun\/vannini-protesil-aljinat\/","title":{"rendered":"Vannini Protesil Aljinat"},"content":{"rendered":"<p>Ortodontik di\u015f kal\u0131plar\u0131 i\u00e7in tiksotropik, h\u0131zl\u0131 sertle\u015fen elastik aljinat.<br \/>\n\u00dcr\u00fcn\u00fcn y\u00fcksek elastikiyeti, y\u00fcksek hassasiyette di\u015f kal\u0131plar\u0131n\u0131n al\u0131nmas\u0131n\u0131 ve a\u011f\u0131zdan deformasyona u\u011framadan kolayca \u00e7\u0131kar\u0131lmas\u0131n\u0131 sa\u011flar.<br \/>\nEkstra ince k\u0131vam, al\u00e7\u0131 ile m\u00fckemmel uyum, gl\u00fctensizdir.<\/p>","protected":false},"excerpt":{"rendered":"<p>Ortodontik di\u015f kal\u0131plar\u0131 i\u00e7in tiksotropik, h\u0131zl\u0131 sertle\u015fen elastik aljinat.<br \/>\n\u00dcr\u00fcn\u00fcn y\u00fcksek elastikiyeti, y\u00fcksek hassasiyette di\u015f kal\u0131plar\u0131n\u0131n al\u0131nmas\u0131n\u0131 ve a\u011f\u0131zdan deformasyona u\u011framadan kolayca \u00e7\u0131kar\u0131lmas\u0131n\u0131 sa\u011flar.<br \/>\nEkstra ince k\u0131vam, al\u00e7\u0131 ile m\u00fckemmel uyum, gl\u00fctensizdir.<\/p>","protected":false},"featured_media":6868,"comment_status":"open","ping_status":"closed","template":"","meta":[],"product_brand":[],"product_cat":[1347,1377,1373],"product_tag":[1704,1770,1780],"class_list":{"0":"post-6867","1":"product","2":"type-product","3":"status-publish","4":"has-post-thumbnail","6":"product_cat-protetik-tedavi","7":"product_cat-aljinat","8":"product_cat-olcu-aletleri","9":"product_tag-aljinat","10":"product_tag-protesil","11":"product_tag-vannini","13":"first","14":"instock","15":"sale","16":"taxable","17":"shipping-taxable","18":"purchasable","19":"product-type-simple"},"_links":{"self":[{"href":"https:\/\/www.avrasyadental.com\/ru\/wp-json\/wp\/v2\/product\/6867","targetHints":{"allow":["GET"]}}],"collection":[{"href":"https:\/\/www.avrasyadental.com\/ru\/wp-json\/wp\/v2\/product"}],"about":[{"href":"https:\/\/www.avrasyadental.com\/ru\/wp-json\/wp\/v2\/types\/product"}],"replies":[{"embeddable":true,"href":"https:\/\/www.avrasyadental.com\/ru\/wp-json\/wp\/v2\/comments?post=6867"}],"wp:featuredmedia":[{"embeddable":true,"href":"https:\/\/www.avrasyadental.com\/ru\/wp-json\/wp\/v2\/media\/6868"}],"wp:attachment":[{"href":"https:\/\/www.avrasyadental.com\/ru\/wp-json\/wp\/v2\/media?parent=6867"}],"wp:term":[{"taxonomy":"product_brand","embeddable":true,"href":"https:\/\/www.avrasyadental.com\/ru\/wp-json\/wp\/v2\/product_brand?post=6867"},{"taxonomy":"product_cat","embeddable":true,"href":"https:\/\/www.avrasyadental.com\/ru\/wp-json\/wp\/v2\/product_cat?post=6867"},{"taxonomy":"product_tag","embeddable":true,"href":"https:\/\/www.avrasyadental.com\/ru\/wp-json\/wp\/v2\/product_tag?post=6867"}],"curies":[{"name":"wp","href":"https:\/\/api.w.org\/{rel}","templated":true}]}}