{"id":6921,"date":"2025-05-13T17:00:11","date_gmt":"2025-05-13T14:00:11","guid":{"rendered":"https:\/\/www.avrasyadental.com\/?post_type=product&#038;p=6921"},"modified":"2025-05-13T17:00:12","modified_gmt":"2025-05-13T14:00:12","slug":"pulpdent-root-canal-sealer-kanal-dolgu-pati","status":"publish","type":"product","link":"https:\/\/www.avrasyadental.com\/ru\/urun\/pulpdent-root-canal-sealer-kanal-dolgu-pati\/","title":{"rendered":"Pulpdent Root Canal Sealer &#8211; Kanal Dolgu Pat\u0131"},"content":{"rendered":"<p>\u0130\u00e7indekiler:<br \/>\nToz: \u00c7inko oksit, \u00e7inko stearat, kalsiyum fosfat ve baryum s\u00fclfat i\u00e7erir<br \/>\nS\u0131v\u0131: \u00d6jenol ve Kanada balsam\u0131 i\u00e7erir<\/p>\n<p>T\u00fcm Kal\u0131c\u0131 Dolgu Teknikleri \u0130\u00e7in Uygun:<\/p>\n<p>Bas\u0131n\u00e7 enjekt\u00f6r\u00fc tekni\u011fi<\/p>\n<p>Solid core (kat\u0131 merkezli) tekniklerle birlikte kullan\u0131ma uygun<\/p>\n<p>Macun dolgu\/Lentulo spirali ile uygulama<\/p>\n<p>Lateral kondensasyon tekni\u011fi<\/p>\n<p>Primer (s\u00fct) ve daimi di\u015fler i\u00e7in endikedir.<\/p>\n<p>Yo\u011fun kar\u0131\u015f\u0131m, serbest \u00f6jenol\u00fc elimine eder ve hasta konforunu sa\u011flar<\/p>\n<p>Post yerle\u015ftirme i\u00e7in delinebilir<\/p>\n<p>Gerekirse mekanik veya el aletleri ile \u00e7\u0131kar\u0131labilir<\/p>\n<p>Temel \u00d6zellikler:<\/p>\n<p>Sertle\u015firken b\u00fcz\u00fclmez<\/p>\n<p>S\u00fct di\u015flerinin k\u00f6kleriyle birlikte rezorbe olur<\/p>\n<p>30 gauge i\u011fnelerden akabilir<\/p>\n<p>Doku ile uyumludur<\/p>\n<p>Hafif ta\u015fmalar genellikle zamanla rezorbe olur<\/p>","protected":false},"excerpt":{"rendered":"<p>\u0130\u00e7indekiler:<br \/>\nToz: \u00c7inko oksit, \u00e7inko stearat, kalsiyum fosfat ve baryum s\u00fclfat i\u00e7erir<br \/>\nS\u0131v\u0131: \u00d6jenol ve Kanada balsam\u0131 i\u00e7erir<\/p>\n<p>T\u00fcm Kal\u0131c\u0131 Dolgu Teknikleri \u0130\u00e7in Uygun:<\/p>\n<p>Bas\u0131n\u00e7 enjekt\u00f6r\u00fc tekni\u011fi<\/p>\n<p>Solid core (kat\u0131 merkezli) tekniklerle birlikte kullan\u0131ma uygun<\/p>\n<p>Macun dolgu\/Lentulo spirali ile uygulama<\/p>\n<p>Lateral kondensasyon tekni\u011fi<\/p>\n<p>Primer (s\u00fct) ve daimi di\u015fler i\u00e7in endikedir.<\/p>\n<p>Yo\u011fun kar\u0131\u015f\u0131m, serbest \u00f6jenol\u00fc elimine eder ve hasta konforunu sa\u011flar<\/p>\n<p>Post yerle\u015ftirme i\u00e7in delinebilir<\/p>\n<p>Gerekirse mekanik veya el aletleri ile \u00e7\u0131kar\u0131labilir<\/p>\n<p>Temel \u00d6zellikler:<\/p>\n<p>Sertle\u015firken b\u00fcz\u00fclmez<\/p>\n<p>S\u00fct di\u015flerinin k\u00f6kleriyle birlikte rezorbe olur<\/p>\n<p>30 gauge i\u011fnelerden akabilir<\/p>\n<p>Doku ile uyumludur<\/p>\n<p>Hafif ta\u015fmalar genellikle zamanla rezorbe olur<\/p>","protected":false},"featured_media":6924,"comment_status":"open","ping_status":"closed","template":"","meta":[],"product_brand":[],"product_cat":[1319,1321,1320],"product_tag":[1813,1655,1803],"class_list":{"0":"post-6921","1":"product","2":"type-product","3":"status-publish","4":"has-post-thumbnail","6":"product_cat-endodonti","7":"product_cat-kanal-pati","8":"product_cat-tedavi","9":"product_tag-kanal","10":"product_tag-pat","11":"product_tag-pulpdent","13":"first","14":"instock","15":"taxable","16":"shipping-taxable","17":"purchasable","18":"product-type-simple"},"_links":{"self":[{"href":"https:\/\/www.avrasyadental.com\/ru\/wp-json\/wp\/v2\/product\/6921","targetHints":{"allow":["GET"]}}],"collection":[{"href":"https:\/\/www.avrasyadental.com\/ru\/wp-json\/wp\/v2\/product"}],"about":[{"href":"https:\/\/www.avrasyadental.com\/ru\/wp-json\/wp\/v2\/types\/product"}],"replies":[{"embeddable":true,"href":"https:\/\/www.avrasyadental.com\/ru\/wp-json\/wp\/v2\/comments?post=6921"}],"wp:featuredmedia":[{"embeddable":true,"href":"https:\/\/www.avrasyadental.com\/ru\/wp-json\/wp\/v2\/media\/6924"}],"wp:attachment":[{"href":"https:\/\/www.avrasyadental.com\/ru\/wp-json\/wp\/v2\/media?parent=6921"}],"wp:term":[{"taxonomy":"product_brand","embeddable":true,"href":"https:\/\/www.avrasyadental.com\/ru\/wp-json\/wp\/v2\/product_brand?post=6921"},{"taxonomy":"product_cat","embeddable":true,"href":"https:\/\/www.avrasyadental.com\/ru\/wp-json\/wp\/v2\/product_cat?post=6921"},{"taxonomy":"product_tag","embeddable":true,"href":"https:\/\/www.avrasyadental.com\/ru\/wp-json\/wp\/v2\/product_tag?post=6921"}],"curies":[{"name":"wp","href":"https:\/\/api.w.org\/{rel}","templated":true}]}}