{"id":6929,"date":"2025-05-13T17:19:44","date_gmt":"2025-05-13T14:19:44","guid":{"rendered":"https:\/\/www.avrasyadental.com\/?post_type=product&#038;p=6929"},"modified":"2025-05-13T17:20:04","modified_gmt":"2025-05-13T14:20:04","slug":"pulpdent-forendo-paste-iodofomlu-kalsiyum-hidroksit","status":"publish","type":"product","link":"https:\/\/www.avrasyadental.com\/ru\/urun\/pulpdent-forendo-paste-iodofomlu-kalsiyum-hidroksit\/","title":{"rendered":"Pulpdent Forendo Paste &#8211; \u0130odofomlu Kalsiyum Hidroksit"},"content":{"rendered":"<p>Silikon ya\u011f\u0131 bazl\u0131, iyodoform i\u00e7eren kalsiyum hidroksit pastas\u0131<\/p>\n<p>Ge\u00e7ici ve ara d\u00f6nem k\u00f6k kanal tedavileri i\u00e7in<\/p>\n<p>Forendo Paste, rutin seanslar aras\u0131nda k\u00f6k kanallar\u0131n\u0131 tedavi etmek i\u00e7in kullan\u0131lan bir kanal i\u00e7i pansuman maddesidir. Ayr\u0131ca, uzun s\u00fcreli kalsiyum hidroksit tedavisinin gerekti\u011fi karma\u015f\u0131k vakalarda da kullan\u0131l\u0131r.<\/p>\n<p>Endikasyonlar<br \/>\nApse ve periapikal lezyonlar\u0131n tedavisinde<\/p>\n<p>Travmatik yaralanmalar, k\u00f6k rezorpsiyonu, k\u0131r\u0131klar ve perforasyonlar\u0131n tedavisinde<\/p>\n<p>\u0130rin, kanama, eks\u00fcda ve s\u0131z\u0131nt\u0131 yapan kanallar\u0131n tedavisinde<\/p>\n<p>Apeksifikasyon ve apeksojenezis s\u00fcre\u00e7lerini uyar\u0131r.<\/p>","protected":false},"excerpt":{"rendered":"<p>Forendo Paste, rutin seanslar aras\u0131nda k\u00f6k kanallar\u0131n\u0131 tedavi etmek i\u00e7in kullan\u0131lan bir kanal i\u00e7i pansuman maddesidir. Ayr\u0131ca, uzun s\u00fcreli kalsiyum hidroksit tedavisinin gerekti\u011fi karma\u015f\u0131k vakalarda da kullan\u0131l\u0131r.<\/p>","protected":false},"featured_media":6930,"comment_status":"open","ping_status":"closed","template":"","meta":[],"product_brand":[],"product_cat":[1319,1324,1320],"product_tag":[1816,1815,1803],"class_list":{"0":"post-6929","1":"product","2":"type-product","3":"status-publish","4":"has-post-thumbnail","6":"product_cat-endodonti","7":"product_cat-kalsiyum-hidroksit","8":"product_cat-tedavi","9":"product_tag-iodofom","10":"product_tag-kalsiyum-hidroksit","11":"product_tag-pulpdent","13":"first","14":"instock","15":"sale","16":"taxable","17":"shipping-taxable","18":"purchasable","19":"product-type-simple"},"_links":{"self":[{"href":"https:\/\/www.avrasyadental.com\/ru\/wp-json\/wp\/v2\/product\/6929","targetHints":{"allow":["GET"]}}],"collection":[{"href":"https:\/\/www.avrasyadental.com\/ru\/wp-json\/wp\/v2\/product"}],"about":[{"href":"https:\/\/www.avrasyadental.com\/ru\/wp-json\/wp\/v2\/types\/product"}],"replies":[{"embeddable":true,"href":"https:\/\/www.avrasyadental.com\/ru\/wp-json\/wp\/v2\/comments?post=6929"}],"wp:featuredmedia":[{"embeddable":true,"href":"https:\/\/www.avrasyadental.com\/ru\/wp-json\/wp\/v2\/media\/6930"}],"wp:attachment":[{"href":"https:\/\/www.avrasyadental.com\/ru\/wp-json\/wp\/v2\/media?parent=6929"}],"wp:term":[{"taxonomy":"product_brand","embeddable":true,"href":"https:\/\/www.avrasyadental.com\/ru\/wp-json\/wp\/v2\/product_brand?post=6929"},{"taxonomy":"product_cat","embeddable":true,"href":"https:\/\/www.avrasyadental.com\/ru\/wp-json\/wp\/v2\/product_cat?post=6929"},{"taxonomy":"product_tag","embeddable":true,"href":"https:\/\/www.avrasyadental.com\/ru\/wp-json\/wp\/v2\/product_tag?post=6929"}],"curies":[{"name":"wp","href":"https:\/\/api.w.org\/{rel}","templated":true}]}}