{"id":7091,"date":"2025-05-26T16:28:32","date_gmt":"2025-05-26T13:28:32","guid":{"rendered":"https:\/\/www.avrasyadental.com\/?post_type=product&#038;p=7091"},"modified":"2025-05-26T16:33:47","modified_gmt":"2025-05-26T13:33:47","slug":"solventum-3m-filtek-u200-clicker","status":"publish","type":"product","link":"https:\/\/www.avrasyadental.com\/ru\/urun\/solventum-3m-filtek-u200-clicker\/","title":{"rendered":"Solventum 3M Filtek U200 Clicker"},"content":{"rendered":"<p class=\"\" data-start=\"50\" data-end=\"345\">3M Filtek U200 Clicker, kaps\u00fcl formunun pratik Clicker ambalaj\u0131ndaki versiyonudur. Asitleme, primer ve bonding a\u015famalar\u0131n\u0131 ortadan kald\u0131rarak uygulama s\u00fcrecini kolayla\u015ft\u0131r\u0131r. I\u015f\u0131kla ve kendili\u011finden polimerize olabilen yap\u0131s\u0131 sayesinde y\u00fcksek estetik, g\u00fc\u00e7l\u00fc ba\u011flanma ve neme kar\u015f\u0131 tolerans sa\u011flar.<\/p>\n<p class=\"\" data-start=\"347\" data-end=\"371\"><strong data-start=\"347\" data-end=\"369\">Kullan\u0131m Alanlar\u0131:<\/strong><\/p>\n<ul data-start=\"372\" data-end=\"482\">\n<li class=\"\" data-start=\"372\" data-end=\"423\">\n<p class=\"\" data-start=\"374\" data-end=\"423\">Kuron, k\u00f6pr\u00fc, inley, onley ve post simantasyonu<\/p>\n<\/li>\n<li class=\"\" data-start=\"424\" data-end=\"482\">\n<p class=\"\" data-start=\"426\" data-end=\"482\">Metal, seramik, porselen, CAD\/CAM materyalleriyle uyumlu<\/p>\n<\/li>\n<\/ul>\n<p class=\"\" data-start=\"484\" data-end=\"641\"><strong data-start=\"484\" data-end=\"499\">Avantajlar:<\/strong><br data-start=\"499\" data-end=\"502\" \/>\u2714\ufe0f Post-operatif hassasiyet riskini azalt\u0131r<br data-start=\"545\" data-end=\"548\" \/>\u2714\ufe0f Mine ve dentinde g\u00fc\u00e7l\u00fc ba\u011flant\u0131<br data-start=\"582\" data-end=\"585\" \/>\u2714\ufe0f Optimum ak\u0131\u015fkanl\u0131k, kolay kar\u0131\u015f\u0131m ve h\u0131zl\u0131 uygulama<\/p>","protected":false},"excerpt":{"rendered":"<p>3M Filtek U200 Clicker, kaps\u00fcl formunun pratik Clicker ambalaj\u0131ndaki versiyonudur. Asitleme, primer ve bonding a\u015famalar\u0131n\u0131 ortadan kald\u0131rarak uygulama s\u00fcrecini kolayla\u015ft\u0131r\u0131r.<\/p>","protected":false},"featured_media":7095,"comment_status":"open","ping_status":"closed","template":"","meta":[],"product_brand":[],"product_cat":[1369,1347,1366],"product_tag":[1607,1839,1726,1838],"class_list":{"0":"post-7091","1":"product","2":"type-product","3":"status-publish","4":"has-post-thumbnail","6":"product_cat-resin-siman","7":"product_cat-protetik-tedavi","8":"product_cat-simantasyon","9":"product_tag-3m","10":"product_tag-clicker","11":"product_tag-solventum","12":"product_tag-u200","14":"first","15":"instock","16":"sale","17":"taxable","18":"shipping-taxable","19":"purchasable","20":"product-type-variable"},"_links":{"self":[{"href":"https:\/\/www.avrasyadental.com\/ru\/wp-json\/wp\/v2\/product\/7091","targetHints":{"allow":["GET"]}}],"collection":[{"href":"https:\/\/www.avrasyadental.com\/ru\/wp-json\/wp\/v2\/product"}],"about":[{"href":"https:\/\/www.avrasyadental.com\/ru\/wp-json\/wp\/v2\/types\/product"}],"replies":[{"embeddable":true,"href":"https:\/\/www.avrasyadental.com\/ru\/wp-json\/wp\/v2\/comments?post=7091"}],"wp:featuredmedia":[{"embeddable":true,"href":"https:\/\/www.avrasyadental.com\/ru\/wp-json\/wp\/v2\/media\/7095"}],"wp:attachment":[{"href":"https:\/\/www.avrasyadental.com\/ru\/wp-json\/wp\/v2\/media?parent=7091"}],"wp:term":[{"taxonomy":"product_brand","embeddable":true,"href":"https:\/\/www.avrasyadental.com\/ru\/wp-json\/wp\/v2\/product_brand?post=7091"},{"taxonomy":"product_cat","embeddable":true,"href":"https:\/\/www.avrasyadental.com\/ru\/wp-json\/wp\/v2\/product_cat?post=7091"},{"taxonomy":"product_tag","embeddable":true,"href":"https:\/\/www.avrasyadental.com\/ru\/wp-json\/wp\/v2\/product_tag?post=7091"}],"curies":[{"name":"wp","href":"https:\/\/api.w.org\/{rel}","templated":true}]}}