{"id":7162,"date":"2025-05-28T12:01:27","date_gmt":"2025-05-28T09:01:27","guid":{"rendered":"https:\/\/www.avrasyadental.com\/?post_type=product&#038;p=7162"},"modified":"2025-05-28T12:28:37","modified_gmt":"2025-05-28T09:28:37","slug":"solventum-3m-filtek-easy-match-universal-restorative-kapsul-refill","status":"publish","type":"product","link":"https:\/\/www.avrasyadental.com\/ru\/urun\/solventum-3m-filtek-easy-match-universal-restorative-kapsul-refill\/","title":{"rendered":"Solventum 3M Filtek Easy Match Universal Restorative\u00a0Kaps\u00fcl Refill"},"content":{"rendered":"<p>3M Filtek Easy Match Universal Restoratif, do\u011fal olarak uyumlanabilen opasitesi ve sadele\u015ftirilmi\u015f \u00fc\u00e7 ton se\u00e7ene\u011fi (Parlak, Do\u011fal, S\u0131cak) ile direkt anterior ve posterior restorasyonlarda m\u00fckemmel estetik uyum sunar. Klasik VITA ton k\u0131lavuzuna uyumlu bu sistem, insizal b\u00f6lgelerde mine benzeri \u0131\u015f\u0131k ge\u00e7irgenli\u011fi sa\u011flar. M\u00fckemmel cila retansiyonu, a\u015f\u0131nma direnci, s\u0131k\u0131 k\u0131vam\u0131 ve 3M\u2019in g\u00fc\u00e7l\u00fc nanoteknolojisiyle uzun \u00f6m\u00fcrl\u00fc restorasyonlar i\u00e7in ideal bir tercihtir. Okl\u00fczal y\u00fczeyler ve core yap\u0131mlar\u0131 dahil geni\u015f kullan\u0131m alan\u0131 sunar.<\/p>","protected":false},"excerpt":{"rendered":"<p>3M Filtek Easy Match Universal Restoratif, do\u011fal olarak uyumlanabilen opasitesi ve sadele\u015ftirilmi\u015f \u00fc\u00e7 ton se\u00e7ene\u011fi (Parlak, Do\u011fal, S\u0131cak) ile direkt anterior ve posterior restorasyonlarda m\u00fckemmel estetik uyum sunar. Klasik VITA ton k\u0131lavuzuna uyumlu bu sistem, insizal b\u00f6lgelerde mine benzeri \u0131\u015f\u0131k ge\u00e7irgenli\u011fi sa\u011flar. M\u00fckemmel cila retansiyonu, a\u015f\u0131nma direnci, s\u0131k\u0131 k\u0131vam\u0131 ve 3M\u2019in g\u00fc\u00e7l\u00fc nanoteknolojisiyle uzun \u00f6m\u00fcrl\u00fc restorasyonlar i\u00e7in ideal bir tercihtir. Okl\u00fczal y\u00fczeyler ve core yap\u0131mlar\u0131 dahil geni\u015f kullan\u0131m alan\u0131 sunar.<\/p>","protected":false},"featured_media":7166,"comment_status":"open","ping_status":"closed","template":"","meta":[],"product_brand":[],"product_cat":[1292,1293,1486],"product_tag":[1607,1727,1613,1726],"class_list":{"0":"post-7162","1":"product","2":"type-product","3":"status-publish","4":"has-post-thumbnail","6":"product_cat-restoratif","7":"product_cat-kompozit","8":"product_cat-universal-kompozit","9":"product_tag-3m","10":"product_tag-easy-match","11":"product_tag-kompozit","12":"product_tag-solventum","14":"first","15":"instock","16":"sale","17":"taxable","18":"shipping-taxable","19":"purchasable","20":"product-type-variable"},"_links":{"self":[{"href":"https:\/\/www.avrasyadental.com\/ru\/wp-json\/wp\/v2\/product\/7162","targetHints":{"allow":["GET"]}}],"collection":[{"href":"https:\/\/www.avrasyadental.com\/ru\/wp-json\/wp\/v2\/product"}],"about":[{"href":"https:\/\/www.avrasyadental.com\/ru\/wp-json\/wp\/v2\/types\/product"}],"replies":[{"embeddable":true,"href":"https:\/\/www.avrasyadental.com\/ru\/wp-json\/wp\/v2\/comments?post=7162"}],"wp:featuredmedia":[{"embeddable":true,"href":"https:\/\/www.avrasyadental.com\/ru\/wp-json\/wp\/v2\/media\/7166"}],"wp:attachment":[{"href":"https:\/\/www.avrasyadental.com\/ru\/wp-json\/wp\/v2\/media?parent=7162"}],"wp:term":[{"taxonomy":"product_brand","embeddable":true,"href":"https:\/\/www.avrasyadental.com\/ru\/wp-json\/wp\/v2\/product_brand?post=7162"},{"taxonomy":"product_cat","embeddable":true,"href":"https:\/\/www.avrasyadental.com\/ru\/wp-json\/wp\/v2\/product_cat?post=7162"},{"taxonomy":"product_tag","embeddable":true,"href":"https:\/\/www.avrasyadental.com\/ru\/wp-json\/wp\/v2\/product_tag?post=7162"}],"curies":[{"name":"wp","href":"https:\/\/api.w.org\/{rel}","templated":true}]}}