{"id":7609,"date":"2025-07-09T16:40:31","date_gmt":"2025-07-09T13:40:31","guid":{"rendered":"https:\/\/www.avrasyadental.com\/?post_type=product&#038;p=7609"},"modified":"2025-07-09T16:40:32","modified_gmt":"2025-07-09T13:40:32","slug":"bisco-all-bond-universal-bonding-refil-4-ml","status":"publish","type":"product","link":"https:\/\/www.avrasyadental.com\/ru\/urun\/bisco-all-bond-universal-bonding-refil-4-ml\/","title":{"rendered":"BISCO All Bond \u00dcniversal Bonding Refil\u00a04\u00a0ml"},"content":{"rendered":"<p>ALL-BOND UNlVERSAL\u2019in m\u00fckemmel kimyasal yap\u0131s\u0131 hem self-etch hemde total-etch adezyon tekni\u011fi ile kullan\u0131lmas\u0131na\u00a0imkan\u00a0sa\u011flar.<\/p>\n<p>Bisco All Bond Universal 4 ml<\/p>\n<p>&nbsp;<\/p>\n<p>ALL-BOND UNlVERSAL\u2019in m\u00fckemmel kimyasal yap\u0131s\u0131 hem self-etch hemde total-etch adezyon tekni\u011fi ile kullan\u0131lmas\u0131na imkan sa\u011flar.<\/p>\n<p>ALL-BOND UNIVERSAL geni\u015f kullan\u0131m alan\u0131 sunar;<br \/>\nT\u00fcm direk ve indirek restorasyonlarda<br \/>\nT\u00fcm indirek restoratif y\u00fczeylere do\u011frudan primer uygulamas\u0131nda<br \/>\nCam iyonomer bazl\u0131 dolgu materyalleri i\u00e7in koruyucu olarak<br \/>\nHassasiyet giderici olarak<br \/>\nA\u011f\u0131z i\u00e7i tamirlerde<\/p>\n<p>ALL-BOND UNIVERSAL, indirek restoratiflere (zirkonyum, alimuna, metal) ba\u011flanma dayan\u0131m\u0131n\u0131 artt\u0131ran MDP monomeri i\u00e7erir.<br \/>\nALL-BOND UNlVERSAL\u2019i di\u011fer tek \u015fi\u015feli adezivlerden ay\u0131ran hafif asidik yap\u0131s\u0131 (PH&gt;3) dual-k\u00fcr, self-k\u00fcr kompozitler, kor materyalleri ve rezin simanlar ile uyumlu, \u00fcniversal kullan\u0131m sunar.<\/p>\n<p>ALL-BOND UNIVERSAL uygulanacak y\u00fczeye kolayca penetre olur, \u0131\u015f\u0131k uygulamas\u0131n\u0131n ard\u0131ndan hem kimyasal hem mekanik g\u00fc\u00e7l\u00fc s\u0131zd\u0131rmazl\u0131k sa\u011flar.<br \/>\nAll Bond Universal, ayn\u0131 zamanda zirkonya, alumina, metal ve cam seramik esasl\u0131 indirekt restorasyonlarda primer olarak kullan\u0131labilir.<br \/>\nKlinik uygulama sonu\u00e7lar\u0131 kullan\u0131m kolayl\u0131\u011f\u0131 ve post-operatif hassasiyete yol a\u00e7mad\u0131\u011f\u0131n\u0131\u00a0g\u00f6stermektedir.<\/p>","protected":false},"excerpt":{"rendered":"<p>ALL-BOND UNlVERSAL\u2019in m\u00fckemmel kimyasal yap\u0131s\u0131 hem self-etch hemde total-etch adezyon tekni\u011fi ile kullan\u0131lmas\u0131na\u00a0imkan\u00a0sa\u011flar.<\/p>","protected":false},"featured_media":7610,"comment_status":"open","ping_status":"closed","template":"","meta":[],"product_brand":[],"product_cat":[1309,1308,1292],"product_tag":[1538,1620],"class_list":{"0":"post-7609","1":"product","2":"type-product","3":"status-publish","4":"has-post-thumbnail","6":"product_cat-bondlar","7":"product_cat-bond-asit","8":"product_cat-restoratif","9":"product_tag-bisco","10":"product_tag-bonding","12":"first","13":"instock","14":"taxable","15":"shipping-taxable","16":"purchasable","17":"product-type-simple"},"_links":{"self":[{"href":"https:\/\/www.avrasyadental.com\/ru\/wp-json\/wp\/v2\/product\/7609","targetHints":{"allow":["GET"]}}],"collection":[{"href":"https:\/\/www.avrasyadental.com\/ru\/wp-json\/wp\/v2\/product"}],"about":[{"href":"https:\/\/www.avrasyadental.com\/ru\/wp-json\/wp\/v2\/types\/product"}],"replies":[{"embeddable":true,"href":"https:\/\/www.avrasyadental.com\/ru\/wp-json\/wp\/v2\/comments?post=7609"}],"wp:featuredmedia":[{"embeddable":true,"href":"https:\/\/www.avrasyadental.com\/ru\/wp-json\/wp\/v2\/media\/7610"}],"wp:attachment":[{"href":"https:\/\/www.avrasyadental.com\/ru\/wp-json\/wp\/v2\/media?parent=7609"}],"wp:term":[{"taxonomy":"product_brand","embeddable":true,"href":"https:\/\/www.avrasyadental.com\/ru\/wp-json\/wp\/v2\/product_brand?post=7609"},{"taxonomy":"product_cat","embeddable":true,"href":"https:\/\/www.avrasyadental.com\/ru\/wp-json\/wp\/v2\/product_cat?post=7609"},{"taxonomy":"product_tag","embeddable":true,"href":"https:\/\/www.avrasyadental.com\/ru\/wp-json\/wp\/v2\/product_tag?post=7609"}],"curies":[{"name":"wp","href":"https:\/\/api.w.org\/{rel}","templated":true}]}}