{"id":7639,"date":"2025-07-11T12:41:52","date_gmt":"2025-07-11T09:41:52","guid":{"rendered":"https:\/\/www.avrasyadental.com\/?post_type=product&#038;p=7639"},"modified":"2025-07-11T12:41:52","modified_gmt":"2025-07-11T09:41:52","slug":"bisco-z-prime-plus-2-ml-btl-pkg","status":"publish","type":"product","link":"https:\/\/www.avrasyadental.com\/ru\/urun\/bisco-z-prime-plus-2-ml-btl-pkg\/","title":{"rendered":"BISCO Z-Prime Plus 2 Ml Btl Pkg"},"content":{"rendered":"<p>Bisco Z-PRIME Plus, tek bile\u015fenli emi\u015fli ajan dolayl\u0131 restoratif malzeme ve kompozit re\u00e7ine \u00e7imento aras\u0131ndaki yap\u0131\u015fmay\u0131 geli\u015ftirmek i\u00e7in kullan\u0131l\u0131r.<br \/>\nBu y\u00fczey, zirkonyum ve al\u00fcminyum metal oksit seramik tedavi yan\u0131 s\u0131ra, metaller \/ ala\u015f\u0131mlar, kompozitler ve endodontik mesajlar\u0131n di\u011fer t\u00fcrleri de kullan\u0131labilir.<br \/>\nZ-PRIME Plus, \u00f6zellikle kendi kendine tedavi veya hafif-k\u00fcr modlar\u0131nda y\u00fcksek tahvil g\u00fc\u00e7l\u00fc sa\u011flamak i\u00e7in form\u00fcle edilmi\u015ftir.<br \/>\nZirkonya, Al\u00fcmina ve Metal restorasyonlar i\u00e7in e\u015fsiz ba\u011f g\u00fc\u00e7l\u00fc Zirkon Kimyasal ba\u011flar<br \/>\nI\u015f\u0131k-tedavi ve rezin yap\u0131\u015ft\u0131rma \u00e7imentolar \u00e7ift tedavi ile uyumlu<br \/>\nBir\u00e7ok farkl\u0131 y\u00fczeylerde ile y\u00f6nl\u00fcl\u00fck ve dayan\u0131kl\u0131l\u0131k<br \/>\nKullan\u0131\u015fl\u0131, tek \u015fi\u015fe teslim da\u011f\u0131tma kolayl\u0131\u011f\u0131 sunuyor<br \/>\nAnlaml\u0131 di\u011fer re\u00e7ine \u00e7imentolar\u0131n ba\u011f\u0131\u00a0g\u00fc\u00e7l\u00fc\u00a0art\u0131r\u0131r.<\/p>","protected":false},"excerpt":{"rendered":"<p>Bisco Z-PRIME Plus, tek bile\u015fenli emi\u015fli ajan dolayl\u0131 restoratif malzeme ve kompozit re\u00e7ine \u00e7imento aras\u0131ndaki yap\u0131\u015fmay\u0131 geli\u015ftirmek i\u00e7in kullan\u0131l\u0131r.<br \/>\nBu y\u00fczey, zirkonyum ve al\u00fcminyum metal oksit seramik tedavi yan\u0131 s\u0131ra, metaller \/ ala\u015f\u0131mlar, kompozitler ve endodontik mesajlar\u0131n di\u011fer t\u00fcrleri de kullan\u0131labilir.<br \/>\nZ-PRIME Plus, \u00f6zellikle kendi kendine tedavi veya hafif-k\u00fcr modlar\u0131nda y\u00fcksek tahvil g\u00fc\u00e7l\u00fc sa\u011flamak i\u00e7in form\u00fcle edilmi\u015ftir.<br \/>\nZirkonya, Al\u00fcmina ve Metal restorasyonlar i\u00e7in e\u015fsiz ba\u011f g\u00fc\u00e7l\u00fc Zirkon Kimyasal ba\u011flar<br \/>\nI\u015f\u0131k-tedavi ve rezin yap\u0131\u015ft\u0131rma \u00e7imentolar \u00e7ift tedavi ile uyumlu<br \/>\nBir\u00e7ok farkl\u0131 y\u00fczeylerde ile y\u00f6nl\u00fcl\u00fck ve dayan\u0131kl\u0131l\u0131k<br \/>\nKullan\u0131\u015fl\u0131, tek \u015fi\u015fe teslim da\u011f\u0131tma kolayl\u0131\u011f\u0131 sunuyor<br \/>\nAnlaml\u0131 di\u011fer re\u00e7ine \u00e7imentolar\u0131n ba\u011f\u0131\u00a0g\u00fc\u00e7l\u00fc\u00a0art\u0131r\u0131r.<\/p>","protected":false},"featured_media":7640,"comment_status":"open","ping_status":"closed","template":"","meta":[],"product_brand":[],"product_cat":[1292,1308,1309],"product_tag":[1538,1834,1867],"class_list":{"0":"post-7639","1":"product","2":"type-product","3":"status-publish","4":"has-post-thumbnail","6":"product_cat-restoratif","7":"product_cat-bond-asit","8":"product_cat-bondlar","9":"product_tag-bisco","10":"product_tag-primer","11":"product_tag-zilkonyum","13":"first","14":"instock","15":"sale","16":"taxable","17":"shipping-taxable","18":"purchasable","19":"product-type-simple"},"_links":{"self":[{"href":"https:\/\/www.avrasyadental.com\/ru\/wp-json\/wp\/v2\/product\/7639","targetHints":{"allow":["GET"]}}],"collection":[{"href":"https:\/\/www.avrasyadental.com\/ru\/wp-json\/wp\/v2\/product"}],"about":[{"href":"https:\/\/www.avrasyadental.com\/ru\/wp-json\/wp\/v2\/types\/product"}],"replies":[{"embeddable":true,"href":"https:\/\/www.avrasyadental.com\/ru\/wp-json\/wp\/v2\/comments?post=7639"}],"wp:featuredmedia":[{"embeddable":true,"href":"https:\/\/www.avrasyadental.com\/ru\/wp-json\/wp\/v2\/media\/7640"}],"wp:attachment":[{"href":"https:\/\/www.avrasyadental.com\/ru\/wp-json\/wp\/v2\/media?parent=7639"}],"wp:term":[{"taxonomy":"product_brand","embeddable":true,"href":"https:\/\/www.avrasyadental.com\/ru\/wp-json\/wp\/v2\/product_brand?post=7639"},{"taxonomy":"product_cat","embeddable":true,"href":"https:\/\/www.avrasyadental.com\/ru\/wp-json\/wp\/v2\/product_cat?post=7639"},{"taxonomy":"product_tag","embeddable":true,"href":"https:\/\/www.avrasyadental.com\/ru\/wp-json\/wp\/v2\/product_tag?post=7639"}],"curies":[{"name":"wp","href":"https:\/\/api.w.org\/{rel}","templated":true}]}}