{"id":7731,"date":"2025-07-16T16:08:23","date_gmt":"2025-07-16T13:08:23","guid":{"rendered":"https:\/\/www.avrasyadental.com\/?post_type=product&#038;p=7731"},"modified":"2025-07-16T16:08:23","modified_gmt":"2025-07-16T13:08:23","slug":"safety-italy-m1-dis-uniti","status":"publish","type":"product","link":"https:\/\/www.avrasyadental.com\/ru\/urun\/safety-italy-m1-dis-uniti\/","title":{"rendered":"SAFETY ITALY M1 D\u0130\u015e \u00dcN\u0130T\u0130"},"content":{"rendered":"<p class=\"font_8\"><span class=\"color_15\">-Aerat\u00f6r<\/span><\/p>\n<p class=\"font_8\"><span class=\"color_15\">-Haval\u0131 Mikromotor<\/span><\/p>\n<p class=\"font_8\"><span class=\"color_15\">-Anguldurva<\/span><\/p>\n<p class=\"font_8\">&#8211; Beyazlatma cihaz\u0131<\/p>\n<p class=\"font_8\">&#8211; Led reflekt\u00f6r<\/p>\n<p class=\"font_8\"><span class=\"color_15\">&#8211; A\u011f\u0131z i\u00e7i kamera cihaz\u0131<\/span><\/p>\n<p class=\"font_8\"><span class=\"color_15\">&#8211; Monit\u00f6r<\/span><\/p>\n<p class=\"font_8\"><span class=\"color_15\">&#8211; 5 mod\u00fcll\u00fc tedavi tableti<\/span><\/p>\n<p class=\"font_8\"><span class=\"color_15\">&#8211; Orijinal ekran kolu<\/span><\/p>\n<p class=\"font_8\"><span class=\"color_15\">&#8211; Kullan\u0131\u015fl\u0131 asistan tablas\u0131<\/span><\/p>\n<p class=\"font_8\"><span class=\"color_15\">&#8211; Woodpecker Led \u0131\u015f\u0131n dolgu<\/span><\/p>\n<p class=\"font_8\"><span class=\"color_15\">&#8211; Woodpecker kavitron cihaz\u0131<\/span><\/p>\n<p class=\"font_8\"><span class=\"color_15\">&#8211; Programlanabilir haf\u0131za\u00a0<\/span><\/p>\n<p class=\"font_8\"><span class=\"color_15\">&#8211; Hekim taburesi<\/span><\/p>\n<p class=\"font_8\"><span class=\"color_15\">&#8211; Seramik kre\u015fuar ve bas\u0131n\u00e7 g\u00f6stergesi<\/span><\/p>\n<p class=\"font_8\"><span class=\"color_15\">&#8211; Ergonomik geni\u015f Alet tepsisi<\/span><\/p>","protected":false},"excerpt":{"rendered":"<p class=\"font_8\"><span class=\"color_15\">-Aerat\u00f6r<\/span><\/p>\n<p class=\"font_8\"><span class=\"color_15\">-Haval\u0131 Mikromotor<\/span><\/p>\n<p class=\"font_8\"><span class=\"color_15\">-Anguldurva<\/span><\/p>\n<p class=\"font_8\">&#8211; Beyazlatma cihaz\u0131<\/p>\n<p class=\"font_8\">&#8211; Led reflekt\u00f6r<\/p>\n<p class=\"font_8\"><span class=\"color_15\">&#8211; A\u011f\u0131z i\u00e7i kamera cihaz\u0131<\/span><\/p>\n<p class=\"font_8\"><span class=\"color_15\">&#8211; Monit\u00f6r<\/span><\/p>\n<p class=\"font_8\"><span class=\"color_15\">&#8211; 5 mod\u00fcll\u00fc tedavi tableti<\/span><\/p>\n<p class=\"font_8\"><span class=\"color_15\">&#8211; Orijinal ekran kolu<\/span><\/p>\n<p class=\"font_8\"><span class=\"color_15\">&#8211; Kullan\u0131\u015fl\u0131 asistan tablas\u0131<\/span><\/p>\n<p class=\"font_8\"><span class=\"color_15\">&#8211; Woodpecker Led \u0131\u015f\u0131n dolgu<\/span><\/p>\n<p class=\"font_8\"><span class=\"color_15\">&#8211; Woodpecker kavitron cihaz\u0131<\/span><\/p>\n<p class=\"font_8\"><span class=\"color_15\">&#8211; Programlanabilir haf\u0131za\u00a0<\/span><\/p>\n<p class=\"font_8\"><span class=\"color_15\">&#8211; Hekim taburesi<\/span><\/p>\n<p class=\"font_8\"><span class=\"color_15\">&#8211; Seramik kre\u015fuar ve bas\u0131n\u00e7 g\u00f6stergesi<\/span><\/p>\n<p class=\"font_8\"><span class=\"color_15\">&#8211; Ergonomik geni\u015f Alet tepsisi<\/span><\/p>\n<p>Par\u00e7a ve Motor garantisi 2 y\u0131l<\/p>\n<p>Servis Garantisi 1 Y\u0131l<\/p>\n<p>Kurulum ve Nakliye Dahil<\/p>","protected":false},"featured_media":7732,"comment_status":"open","ping_status":"closed","template":"","meta":[],"product_brand":[],"product_cat":[1417,1419,1418],"product_tag":[1884,1885],"class_list":{"0":"post-7731","1":"product","2":"type-product","3":"status-publish","4":"has-post-thumbnail","6":"product_cat-cihazlar","7":"product_cat-dental-unit","8":"product_cat-unit-ve-aksesuar","9":"product_tag-safety","10":"product_tag-unit","12":"first","13":"instock","14":"taxable","15":"shipping-taxable","16":"purchasable","17":"product-type-simple"},"_links":{"self":[{"href":"https:\/\/www.avrasyadental.com\/ru\/wp-json\/wp\/v2\/product\/7731","targetHints":{"allow":["GET"]}}],"collection":[{"href":"https:\/\/www.avrasyadental.com\/ru\/wp-json\/wp\/v2\/product"}],"about":[{"href":"https:\/\/www.avrasyadental.com\/ru\/wp-json\/wp\/v2\/types\/product"}],"replies":[{"embeddable":true,"href":"https:\/\/www.avrasyadental.com\/ru\/wp-json\/wp\/v2\/comments?post=7731"}],"wp:featuredmedia":[{"embeddable":true,"href":"https:\/\/www.avrasyadental.com\/ru\/wp-json\/wp\/v2\/media\/7732"}],"wp:attachment":[{"href":"https:\/\/www.avrasyadental.com\/ru\/wp-json\/wp\/v2\/media?parent=7731"}],"wp:term":[{"taxonomy":"product_brand","embeddable":true,"href":"https:\/\/www.avrasyadental.com\/ru\/wp-json\/wp\/v2\/product_brand?post=7731"},{"taxonomy":"product_cat","embeddable":true,"href":"https:\/\/www.avrasyadental.com\/ru\/wp-json\/wp\/v2\/product_cat?post=7731"},{"taxonomy":"product_tag","embeddable":true,"href":"https:\/\/www.avrasyadental.com\/ru\/wp-json\/wp\/v2\/product_tag?post=7731"}],"curies":[{"name":"wp","href":"https:\/\/api.w.org\/{rel}","templated":true}]}}