{"id":7765,"date":"2025-07-17T15:00:56","date_gmt":"2025-07-17T12:00:56","guid":{"rendered":"https:\/\/www.avrasyadental.com\/?post_type=product&#038;p=7765"},"modified":"2025-07-17T15:13:56","modified_gmt":"2025-07-17T12:13:56","slug":"schutz-tempdent-gecici-kron-kopru-akriligi-takim","status":"publish","type":"product","link":"https:\/\/www.avrasyadental.com\/ru\/urun\/schutz-tempdent-gecici-kron-kopru-akriligi-takim\/","title":{"rendered":"SCHUTZ Tempdent Ge\u00e7ici Kron K\u00f6pr\u00fc Akrili\u011fi Tak\u0131m"},"content":{"rendered":"<p>Temdent<\/p>\n<p>Ge\u00e7ici kuron k\u00f6pr\u00fc akrili\u011fi<\/p>\n<p>&nbsp;<\/p>\n<p>\u00d6zellikleri<\/p>\n<p>Parlatmaya gerek duymayan direkt ve endirekt uygulamalarda<\/p>\n<p>A\u011f\u0131za iyi yerle\u015fme ve k\u0131r\u0131lmama \u00f6zelli\u011fi<\/p>\n<p>Renk de\u011fi\u015fikli\u011fi yapmama ve porozitesiz homojen bir yap\u0131<\/p>\n<p>Bir m\u00fcddet elastik k\u0131vam\u0131n\u0131 korur ve homojen olarak kurur<\/p>\n<p>Matrix tekni\u011fi ile uygulamaya\u00a0\u00e7ok\u00a0uygun<\/p>","protected":false},"excerpt":{"rendered":"<p>Temdent<\/p>\n<p>Ge\u00e7ici kuron k\u00f6pr\u00fc akrili\u011fi<\/p>\n<p>&nbsp;<\/p>\n<p>\u00d6zellikleri<\/p>\n<p>Parlatmaya gerek duymayan direkt ve endirekt uygulamalarda<\/p>\n<p>A\u011f\u0131za iyi yerle\u015fme ve k\u0131r\u0131lmama \u00f6zelli\u011fi<\/p>\n<p>Renk de\u011fi\u015fikli\u011fi yapmama ve porozitesiz homojen bir yap\u0131<\/p>\n<p>Bir m\u00fcddet elastik k\u0131vam\u0131n\u0131 korur ve homojen olarak kurur<\/p>\n<p>Matrix tekni\u011fi ile uygulamaya\u00a0\u00e7ok\u00a0uygun<\/p>","protected":false},"featured_media":7767,"comment_status":"open","ping_status":"closed","template":"","meta":[],"product_brand":[],"product_cat":[1357,1359,1347],"product_tag":[1731,1887,1889,1890],"class_list":{"0":"post-7765","1":"product","2":"type-product","3":"status-publish","4":"has-post-thumbnail","6":"product_cat-kron-kopru","7":"product_cat-gecici-kron","8":"product_cat-protetik-tedavi","9":"product_tag-gecici","10":"product_tag-kron","11":"product_tag-schutz","12":"product_tag-tempdent","14":"first","15":"instock","16":"sale","17":"taxable","18":"shipping-taxable","19":"purchasable","20":"product-type-simple"},"_links":{"self":[{"href":"https:\/\/www.avrasyadental.com\/ru\/wp-json\/wp\/v2\/product\/7765","targetHints":{"allow":["GET"]}}],"collection":[{"href":"https:\/\/www.avrasyadental.com\/ru\/wp-json\/wp\/v2\/product"}],"about":[{"href":"https:\/\/www.avrasyadental.com\/ru\/wp-json\/wp\/v2\/types\/product"}],"replies":[{"embeddable":true,"href":"https:\/\/www.avrasyadental.com\/ru\/wp-json\/wp\/v2\/comments?post=7765"}],"wp:featuredmedia":[{"embeddable":true,"href":"https:\/\/www.avrasyadental.com\/ru\/wp-json\/wp\/v2\/media\/7767"}],"wp:attachment":[{"href":"https:\/\/www.avrasyadental.com\/ru\/wp-json\/wp\/v2\/media?parent=7765"}],"wp:term":[{"taxonomy":"product_brand","embeddable":true,"href":"https:\/\/www.avrasyadental.com\/ru\/wp-json\/wp\/v2\/product_brand?post=7765"},{"taxonomy":"product_cat","embeddable":true,"href":"https:\/\/www.avrasyadental.com\/ru\/wp-json\/wp\/v2\/product_cat?post=7765"},{"taxonomy":"product_tag","embeddable":true,"href":"https:\/\/www.avrasyadental.com\/ru\/wp-json\/wp\/v2\/product_tag?post=7765"}],"curies":[{"name":"wp","href":"https:\/\/api.w.org\/{rel}","templated":true}]}}