{"id":7966,"date":"2025-07-22T13:56:16","date_gmt":"2025-07-22T10:56:16","guid":{"rendered":"https:\/\/www.avrasyadental.com\/?post_type=product&#038;p=7966"},"modified":"2025-07-22T13:56:16","modified_gmt":"2025-07-22T10:56:16","slug":"coxo-cp-1-dental-air-flow-cihazi","status":"publish","type":"product","link":"https:\/\/www.avrasyadental.com\/ru\/urun\/coxo-cp-1-dental-air-flow-cihazi\/","title":{"rendered":"COXO CP-1 Dental Air Flow Cihaz\u0131"},"content":{"rendered":"<p>\u2022 Supragingival ve subgingival mod ile ikisi bir arada<br \/>\n\u2022 Basit ve rahat tasar\u0131m<br \/>\n\u2022 Daha konsantre toz \u00e7\u0131k\u0131\u015f\u0131 ve daha do\u011fru \u00f6l\u00e7eklendime \u00f6zelli\u011fi ile 0,7 mm kalibreli nozul<br \/>\n\u2022 Kolay bakim ve temizlenebilirlik.<br \/>\n\u2022 360\u00b0 dOnebilir ba. 511k<br \/>\n\u2022 Hava bas\u0131nc\u0131: 250-450 kPa<br \/>\n\u2022 Su bas\u0131nc\u0131: 70-220 kPa<br \/>\n\u2022 Su \u00e7\u0131k\u0131\u015f kapasitesi : 30 ml\/dak<br \/>\n\u2022 Geic \u00f6l\u00e7\u00fcmleri&#8217;nin nozul kalibresi: 0,7 mm<br \/>\n\u2022 Su \u00f6l\u00e7\u00fcmleri i\u00e7in nozul kalibresi: 1,4 mm<br \/>\n\u2022\u00a0A\u011f\u0131rl\u0131k:\u00a0145\u00a0g<\/p>","protected":false},"excerpt":{"rendered":"<p>COXO CP-1 Dental Air Flow Cihaz\u0131, hem supragingival hem de subgingival modlar\u0131 sayesinde \u00e7ok y\u00f6nl\u00fc periodontal tedavi imkan\u0131 sunar. Bu \u00f6zellik, di\u015f hekimlerinin farkl\u0131 temizlik ihtiya\u00e7lar\u0131na h\u0131zl\u0131 ve etkili \u00e7\u00f6z\u00fcmler \u00fcretmesini sa\u011flar. 360\u00b0 d\u00f6nebilir ba\u015fl\u0131k, tedavi s\u0131ras\u0131nda daha fazla esneklik ve rahat kullan\u0131m sunarak her a\u00e7\u0131dan eri\u015fimi kolayla\u015ft\u0131r\u0131r. Ayr\u0131ca, \u00e7\u0131kar\u0131labilir tasar\u0131m\u0131 sayesinde cihaz\u0131n temizlik ve bak\u0131m\u0131 olduk\u00e7a pratik hale gelir. Ergonomik tasar\u0131m\u0131, uzun s\u00fcreli kullan\u0131mlarda bile rahat ve kolay kullan\u0131m imkan\u0131 sa\u011flar, b\u00f6ylece di\u015f hekimlerinin el yorgunlu\u011funu engeller ve verimli \u00e7al\u0131\u015fmas\u0131na yard\u0131mc\u0131 olur. COXO CP-1, kliniklerde hem y\u00fcksek performans hem de kullan\u0131m kolayl\u0131\u011f\u0131 arayan di\u015f hekimleri i\u00e7in m\u00fckemmel bir tercihtir.<\/p>","protected":false},"featured_media":7967,"comment_status":"open","ping_status":"closed","template":"","meta":[],"product_brand":[],"product_cat":[1417,1444,1439],"product_tag":[1787,1912],"class_list":{"0":"post-7966","1":"product","2":"type-product","3":"status-publish","4":"has-post-thumbnail","6":"product_cat-cihazlar","7":"product_cat-air-flow-cihazi","8":"product_cat-klinik-cihazlar","9":"product_tag-airflow","10":"product_tag-coxo","12":"first","13":"instock","14":"taxable","15":"shipping-taxable","16":"purchasable","17":"product-type-simple"},"_links":{"self":[{"href":"https:\/\/www.avrasyadental.com\/ru\/wp-json\/wp\/v2\/product\/7966","targetHints":{"allow":["GET"]}}],"collection":[{"href":"https:\/\/www.avrasyadental.com\/ru\/wp-json\/wp\/v2\/product"}],"about":[{"href":"https:\/\/www.avrasyadental.com\/ru\/wp-json\/wp\/v2\/types\/product"}],"replies":[{"embeddable":true,"href":"https:\/\/www.avrasyadental.com\/ru\/wp-json\/wp\/v2\/comments?post=7966"}],"wp:featuredmedia":[{"embeddable":true,"href":"https:\/\/www.avrasyadental.com\/ru\/wp-json\/wp\/v2\/media\/7967"}],"wp:attachment":[{"href":"https:\/\/www.avrasyadental.com\/ru\/wp-json\/wp\/v2\/media?parent=7966"}],"wp:term":[{"taxonomy":"product_brand","embeddable":true,"href":"https:\/\/www.avrasyadental.com\/ru\/wp-json\/wp\/v2\/product_brand?post=7966"},{"taxonomy":"product_cat","embeddable":true,"href":"https:\/\/www.avrasyadental.com\/ru\/wp-json\/wp\/v2\/product_cat?post=7966"},{"taxonomy":"product_tag","embeddable":true,"href":"https:\/\/www.avrasyadental.com\/ru\/wp-json\/wp\/v2\/product_tag?post=7966"}],"curies":[{"name":"wp","href":"https:\/\/api.w.org\/{rel}","templated":true}]}}