{"id":7970,"date":"2025-07-22T15:43:46","date_gmt":"2025-07-22T12:43:46","guid":{"rendered":"https:\/\/www.avrasyadental.com\/?post_type=product&#038;p=7970"},"modified":"2025-07-22T15:43:46","modified_gmt":"2025-07-22T12:43:46","slug":"vatech-ez-sensor-classic-dijital-radyografi-cihazi","status":"publish","type":"product","link":"https:\/\/www.avrasyadental.com\/ru\/urun\/vatech-ez-sensor-classic-dijital-radyografi-cihazi\/","title":{"rendered":"VATECH EZ SENSOR CLASSIC Dijital Radyografi Cihaz\u0131"},"content":{"rendered":"<p><strong>VATECH EZ SENSOR CLASSIC Dijital Radyografi Cihaz\u0131, Standart Boy Sens\u00f6r (T\u00fcrk\u00e7e Programl\u0131) USB Ba\u011flant\u0131l\u0131<\/strong><\/p>\n<p><strong>4.8mm ultra-ince tasar\u0131m\u0131 ile kolay\u00a0konumland\u0131rma<\/strong><br \/>\n\u2022 \u0130nce CMOS teknolojisi ile hastalar\u0131n\u0131za\u00a0konforlu bir te\u015fhis imkan\u0131 sa\u011flar<br \/>\n\u2022 Hasta a\u011fz\u0131na uygun olarak planlama ve\u00a0yerle\u015ftirme imkan\u0131 sunar<br \/>\n\u2022 CMOS teknolojisi ile geli\u015ftirilmi\u015f en ince\u00a0sens\u00f6r<br \/>\n\u2022 Vatech R&amp;D merkezinin ara\u015ft\u0131rma ve\u00a0testleri sonucunda CMOS LED teknolojisini\u00a0kullanarak hastaya rahats\u0131zl\u0131k hissettirmeden ve g\u00f6r\u00fcnt\u00fc kalitesinden \u00f6d\u00fcn vermeden\u00a0en iyi incelik seviyesini kulland\u0131<\/p>\n<p><strong>G\u00fcvenilir G\u00f6r\u00fcnt\u00fc<\/strong><br \/>\n\u2022 Ez Sens\u00f6r Classic do\u011fru te\u015fhis ve tedavi\u00a0i\u00e7in en iyi g\u00f6r\u00fcnt\u00fcy\u00fc alman\u0131z\u0131 sa\u011flar<br \/>\n\u2022 Ez Sens\u00f6r Classic y\u00fcksek hassasiyetli\u00a0sens\u00f6r teknolojisi ile istikrarl\u0131 kalite sa\u011flar Eski model x-ray cihazlar\u0131 dahil olmak\u00a0\u00fczere pozlama ayarlar\u0131na uyum sa\u011flar<br \/>\n\u2022 Y\u00fcksek kontrast sayesinde, g\u00f6z i\u00e7in\u00a0farkl\u0131 yo\u011funluk seviyelerinde\u00a0incelemelerinizi sa\u011flar<\/p>\n<p><strong>Hasta Odakl\u0131 Tasar\u0131m<\/strong><br \/>\n\u2022 Yuvarlat\u0131lm\u0131\u015f kenar yap\u0131s\u0131 ile yumu\u015fak\u00a0dokuda maksimum konfor sa\u011flar<br \/>\n\u2022 Hastalar i\u00e7in konforu en \u00fcst seviyeye \u00e7\u0131karan\u00a0ergonomik yuvarlat\u0131lm\u0131\u015f kenar dizayn\u0131 ile aktif\u00a0g\u00f6r\u00fcnt\u00fcleme alan\u0131ndan \u00f6d\u00fcn vermeden\u00a0m\u00fckemmel dengeyi sa\u011flar<br \/>\n\u2022 Ergonomik dizayn\u0131 ile 3 farkl\u0131 boyut se\u00e7ene\u011fi\u00a0sunmaktad\u0131r. Ayn\u0131 zamanda \u00f6zg\u00fcn boyut ile\u00a0b\u00fct\u00fcn hastalar\u0131n\u0131za uyum sa\u011flar<br \/>\n\u2022 Dijital sens\u00f6r avantaj\u0131yla, direkt usb ba\u011flant\u0131s\u0131 ile h\u0131zl\u0131 ve verimli i\u015f ak\u0131\u015f\u0131 sa\u011flamaktad\u0131r<br \/>\n\u2022 Ez Sens\u00f6r Classic suya ve tozlanmaya kar\u015f\u0131\u00a0dayan\u0131kl\u0131 olacak \u015fekilde \u00fcretilmi\u015ftir<\/p>\n<p><strong>G\u00fc\u00e7l\u00fc Muayene<\/strong><br \/>\n\u2022 Ez Codi program\u0131 ile, dan\u0131\u015fma i\u00e7in tam bir\u00a0\u00e7\u00f6z\u00fcm&#8230;<br \/>\n\u2022 \u201cBir animasyon bin kelimeye bedeldir\u201d<br \/>\n\u2022 50&#8217;yi a\u015fk\u0131n klinik vaka animasyonlar\u0131 ile\u00a0birlikte tedavilerinizi daha sa\u011fl\u0131kl\u0131 ve g\u00fc\u00e7l\u00fc bir hale getirir<\/p>\n<p><strong>Sens\u00f6r:\u00a0<\/strong>CMOS<br \/>\n<strong>Piksel:<\/strong>\u00a029.6 um<br \/>\n<strong>Teorik \u00c7\u00f6z\u00fcn\u00fcrl\u00fck:<\/strong>\u00a017 lp\/mm<br \/>\n<strong>Gri Skalas\u0131:<\/strong>\u00a012 bit<br \/>\n<strong>Aktif Alan (W L) :<\/strong>\u00a0Boyut 1.0 20&#215;30 mm<br \/>\nBoyut 1.5 24&#215;33 mm<br \/>\nBoyut 2.0 26&#215;36 mm<br \/>\n<strong>\u00a0Kablo Uzunlu\u011fu:<\/strong>\u00a02.7 m<\/p>","protected":false},"excerpt":{"rendered":"<p><strong>VATECH EZ SENSOR CLASSIC Dijital Radyografi Cihaz\u0131, Standart Boy Sens\u00f6r (T\u00fcrk\u00e7e Programl\u0131) USB Ba\u011flant\u0131l\u0131<\/strong><\/p>\n<p><strong>4.8mm ultra-ince tasar\u0131m\u0131 ile kolay\u00a0konumland\u0131rma<\/strong><br \/>\n\u2022 \u0130nce CMOS teknolojisi ile hastalar\u0131n\u0131za\u00a0konforlu bir te\u015fhis imkan\u0131 sa\u011flar<br \/>\n\u2022 Hasta a\u011fz\u0131na uygun olarak planlama ve\u00a0yerle\u015ftirme imkan\u0131 sunar<br \/>\n\u2022 CMOS teknolojisi ile geli\u015ftirilmi\u015f en ince\u00a0sens\u00f6r<br \/>\n\u2022 Vatech R&amp;D merkezinin ara\u015ft\u0131rma ve\u00a0testleri sonucunda CMOS LED teknolojisini\u00a0kullanarak hastaya rahats\u0131zl\u0131k hissettirmeden ve g\u00f6r\u00fcnt\u00fc kalitesinden \u00f6d\u00fcn vermeden\u00a0en iyi incelik seviyesini kulland\u0131<\/p>","protected":false},"featured_media":7971,"comment_status":"open","ping_status":"closed","template":"","meta":[],"product_brand":[],"product_cat":[1417,1431,1435],"product_tag":[1916,1917,1918,1913],"class_list":{"0":"post-7970","1":"product","2":"type-product","3":"status-publish","4":"has-post-thumbnail","6":"product_cat-cihazlar","7":"product_cat-goruntuleme","8":"product_cat-rvg","9":"product_tag-ez-sensor","10":"product_tag-radyografi","11":"product_tag-rvg","12":"product_tag-vatech","14":"first","15":"instock","16":"sale","17":"taxable","18":"shipping-taxable","19":"purchasable","20":"product-type-simple"},"_links":{"self":[{"href":"https:\/\/www.avrasyadental.com\/ru\/wp-json\/wp\/v2\/product\/7970","targetHints":{"allow":["GET"]}}],"collection":[{"href":"https:\/\/www.avrasyadental.com\/ru\/wp-json\/wp\/v2\/product"}],"about":[{"href":"https:\/\/www.avrasyadental.com\/ru\/wp-json\/wp\/v2\/types\/product"}],"replies":[{"embeddable":true,"href":"https:\/\/www.avrasyadental.com\/ru\/wp-json\/wp\/v2\/comments?post=7970"}],"wp:featuredmedia":[{"embeddable":true,"href":"https:\/\/www.avrasyadental.com\/ru\/wp-json\/wp\/v2\/media\/7971"}],"wp:attachment":[{"href":"https:\/\/www.avrasyadental.com\/ru\/wp-json\/wp\/v2\/media?parent=7970"}],"wp:term":[{"taxonomy":"product_brand","embeddable":true,"href":"https:\/\/www.avrasyadental.com\/ru\/wp-json\/wp\/v2\/product_brand?post=7970"},{"taxonomy":"product_cat","embeddable":true,"href":"https:\/\/www.avrasyadental.com\/ru\/wp-json\/wp\/v2\/product_cat?post=7970"},{"taxonomy":"product_tag","embeddable":true,"href":"https:\/\/www.avrasyadental.com\/ru\/wp-json\/wp\/v2\/product_tag?post=7970"}],"curies":[{"name":"wp","href":"https:\/\/api.w.org\/{rel}","templated":true}]}}