{"id":8107,"date":"2025-10-15T14:14:26","date_gmt":"2025-10-15T11:14:26","guid":{"rendered":"https:\/\/www.avrasyadental.com\/?post_type=product&#038;p=8107"},"modified":"2025-12-19T18:03:02","modified_gmt":"2025-12-19T15:03:02","slug":"beehive-p-219-titanyum-yuksek-hizli-aerator-basligi-2-li-baglanti","status":"publish","type":"product","link":"https:\/\/www.avrasyadental.com\/ru\/urun\/beehive-p-219-titanyum-yuksek-hizli-aerator-basligi-2-li-baglanti\/","title":{"rendered":"BEEHIVE P-219 Titanyum Y\u00fcksek H\u0131zl\u0131 Aerat\u00f6r Ba\u015fl\u0131\u011f\u0131 2 li Ba\u011flant\u0131"},"content":{"rendered":"<article class=\"text-token-text-primary w-full focus:outline-none [--shadow-height:45px] has-data-writing-block:pointer-events-none has-data-writing-block:-mt-(--shadow-height) has-data-writing-block:pt-(--shadow-height) [&amp;:has([data-writing-block])&gt;*]:pointer-events-auto [content-visibility:auto] supports-[content-visibility:auto]:[contain-intrinsic-size:auto_100lvh] scroll-mt-[calc(var(--header-height)+min(200px,max(70px,20svh)))]\" dir=\"auto\" tabindex=\"-1\" data-turn-id=\"request-WEB:f481101c-65e0-4c4a-ab6c-6a5419e9b972-9\" data-testid=\"conversation-turn-20\" data-scroll-anchor=\"true\" data-turn=\"assistant\">\n<div class=\"text-base my-auto mx-auto pb-10 [--thread-content-margin:--spacing(4)] thread-sm:[--thread-content-margin:--spacing(6)] thread-lg:[--thread-content-margin:--spacing(16)] px-(--thread-content-margin)\">\n<div class=\"[--thread-content-max-width:40rem] thread-lg:[--thread-content-max-width:48rem] mx-auto max-w-(--thread-content-max-width) flex-1 group\/turn-messages focus-visible:outline-hidden relative flex w-full min-w-0 flex-col agent-turn\" tabindex=\"-1\">\n<div class=\"flex max-w-full flex-col grow\">\n<div class=\"min-h-8 text-message relative flex w-full flex-col items-end gap-2 text-start break-words whitespace-normal [.text-message+&amp;]:mt-1\" dir=\"auto\" data-message-author-role=\"assistant\" data-message-id=\"515a7a24-d7c2-4301-b0a4-6ada47465d1f\" data-message-model-slug=\"gpt-4o\">\n<div class=\"flex w-full flex-col gap-1 empty:hidden first:pt-[1px]\">\n<div class=\"markdown prose dark:prose-invert w-full break-words light markdown-new-styling\">\n<article class=\"text-token-text-primary w-full focus:outline-none [--shadow-height:45px] has-data-writing-block:pointer-events-none has-data-writing-block:-mt-(--shadow-height) has-data-writing-block:pt-(--shadow-height) [&amp;:has([data-writing-block])&gt;*]:pointer-events-auto [content-visibility:auto] supports-[content-visibility:auto]:[contain-intrinsic-size:auto_100lvh] scroll-mt-[calc(var(--header-height)+min(200px,max(70px,20svh)))]\" dir=\"auto\" tabindex=\"-1\" data-turn-id=\"request-WEB:f481101c-65e0-4c4a-ab6c-6a5419e9b972-10\" data-testid=\"conversation-turn-22\" data-scroll-anchor=\"true\" data-turn=\"assistant\">\n<div class=\"text-base my-auto mx-auto pb-10 [--thread-content-margin:--spacing(4)] thread-sm:[--thread-content-margin:--spacing(6)] thread-lg:[--thread-content-margin:--spacing(16)] px-(--thread-content-margin)\">\n<div class=\"[--thread-content-max-width:40rem] thread-lg:[--thread-content-max-width:48rem] mx-auto max-w-(--thread-content-max-width) flex-1 group\/turn-messages focus-visible:outline-hidden relative flex w-full min-w-0 flex-col agent-turn\" tabindex=\"-1\">\n<div class=\"flex max-w-full flex-col grow\">\n<div class=\"min-h-8 text-message relative flex w-full flex-col items-end gap-2 text-start break-words whitespace-normal [.text-message+&amp;]:mt-1\" dir=\"auto\" data-message-author-role=\"assistant\" data-message-id=\"9eadc3b2-873f-4fbc-85e9-70f83c4d28da\" data-message-model-slug=\"gpt-4o\">\n<div class=\"flex w-full flex-col gap-1 empty:hidden first:pt-[1px]\">\n<div class=\"markdown prose dark:prose-invert w-full break-words light markdown-new-styling\">\n<p data-start=\"0\" data-end=\"626\" data-is-last-node=\"\" data-is-only-node=\"\"><strong data-start=\"0\" data-end=\"17\" data-is-only-node=\"\">Titanium <\/strong>yap\u0131s\u0131 sayesinde son derece dayan\u0131kl\u0131, hafif ve uzun \u00f6m\u00fcrl\u00fc olan bu dental el aleti, ergonomik tasar\u0131m\u0131yla konforlu bir kullan\u0131m sunar. <strong data-start=\"154\" data-end=\"193\">2 \u00e7\u0131k\u0131\u015fl\u0131 (Borden) ba\u011flant\u0131 sistemi<\/strong>, kolay kurulum ve yayg\u0131n uyumluluk imk\u00e2n\u0131 sa\u011flar. <strong data-start=\"244\" data-end=\"271\">Tork kafa (torque head)<\/strong> \u00f6zelli\u011fi, g\u00fc\u00e7l\u00fc ve dengeli performans sunarak i\u015flem verimlili\u011fini art\u0131r\u0131r. <strong data-start=\"347\" data-end=\"389\">4 portlu sprey sistemi (4-ports spray)<\/strong>, i\u015flem s\u0131ras\u0131nda etkili ve homojen so\u011futma sa\u011flayarak a\u015f\u0131r\u0131 \u0131s\u0131nmay\u0131 \u00f6nler. <strong data-start=\"466\" data-end=\"484\">21W g\u00fc\u00e7 \u00e7\u0131k\u0131\u015f\u0131<\/strong>, y\u00fcksek kesim g\u00fcc\u00fc sunarken, <strong data-start=\"514\" data-end=\"524\">&lt;60 dB<\/strong> ses seviyesi sessiz ve rahat bir \u00e7al\u0131\u015fma ortam\u0131 olu\u015fturur<\/p>\n<\/div>\n<\/div>\n<\/div>\n<\/div>\n<div class=\"z-0 flex min-h-[46px] justify-start\"><\/div>\n<\/div>\n<\/div>\n<\/article>\n<div class=\"pointer-events-none h-px w-px\" aria-hidden=\"true\" data-edge=\"true\"><\/div>\n<\/div>\n<\/div>\n<\/div>\n<\/div>\n<\/div>\n<\/div>\n<\/article>\n<p>\u00dcr\u00fcn bir y\u0131l kaskoludur. Ar\u0131za, d\u00fc\u015fme, k\u0131r\u0131lma vb durumlarda tamirat\u0131 yap\u0131lamad\u0131\u011f\u0131 takdirde de\u011fi\u015fim yap\u0131lmaktad\u0131r.<\/p>\n<p>\u00dcr\u00fcn \u00fczerine doktor, klinik vb. isim yazd\u0131r\u0131labilir.<\/p>\n","protected":false},"excerpt":{"rendered":"<p>Titanium yap\u0131s\u0131 sayesinde son derece dayan\u0131kl\u0131, hafif ve uzun \u00f6m\u00fcrl\u00fc olan bu dental el aleti, ergonomik tasar\u0131m\u0131yla konforlu bir kullan\u0131m sunar. 2 \u00e7\u0131k\u0131\u015fl\u0131 (Borden) ba\u011flant\u0131 sistemi, kolay kurulum ve yayg\u0131n uyumluluk imk\u00e2n\u0131 sa\u011flar. Tork kafa (torque head) \u00f6zelli\u011fi, g\u00fc\u00e7l\u00fc ve dengeli performans sunarak i\u015flem verimlili\u011fini art\u0131r\u0131r. 4 portlu sprey sistemi (4-ports spray), i\u015flem s\u0131ras\u0131nda etkili ve homojen so\u011futma sa\u011flayarak a\u015f\u0131r\u0131 \u0131s\u0131nmay\u0131 \u00f6nler. 21W g\u00fc\u00e7 \u00e7\u0131k\u0131\u015f\u0131, y\u00fcksek kesim g\u00fcc\u00fc sunarken, &lt;60 dB ses seviyesi sessiz ve rahat bir \u00e7al\u0131\u015fma ortam\u0131 olu\u015fturur<\/p>","protected":false},"featured_media":8108,"comment_status":"open","ping_status":"closed","template":"","meta":[],"product_brand":[1961],"product_cat":[1397,1399,1398],"product_tag":[1765,1922,1930],"class_list":{"0":"post-8107","1":"product","2":"type-product","3":"status-publish","4":"has-post-thumbnail","6":"product_brand-beehive","7":"product_cat-aletler","8":"product_cat-aerator","9":"product_cat-dinamik-el-aletleri","10":"product_tag-aerator","11":"product_tag-beehive","12":"product_tag-titanyum","14":"first","15":"instock","16":"taxable","17":"shipping-taxable","18":"purchasable","19":"product-type-simple"},"_links":{"self":[{"href":"https:\/\/www.avrasyadental.com\/ru\/wp-json\/wp\/v2\/product\/8107","targetHints":{"allow":["GET"]}}],"collection":[{"href":"https:\/\/www.avrasyadental.com\/ru\/wp-json\/wp\/v2\/product"}],"about":[{"href":"https:\/\/www.avrasyadental.com\/ru\/wp-json\/wp\/v2\/types\/product"}],"replies":[{"embeddable":true,"href":"https:\/\/www.avrasyadental.com\/ru\/wp-json\/wp\/v2\/comments?post=8107"}],"wp:featuredmedia":[{"embeddable":true,"href":"https:\/\/www.avrasyadental.com\/ru\/wp-json\/wp\/v2\/media\/8108"}],"wp:attachment":[{"href":"https:\/\/www.avrasyadental.com\/ru\/wp-json\/wp\/v2\/media?parent=8107"}],"wp:term":[{"taxonomy":"product_brand","embeddable":true,"href":"https:\/\/www.avrasyadental.com\/ru\/wp-json\/wp\/v2\/product_brand?post=8107"},{"taxonomy":"product_cat","embeddable":true,"href":"https:\/\/www.avrasyadental.com\/ru\/wp-json\/wp\/v2\/product_cat?post=8107"},{"taxonomy":"product_tag","embeddable":true,"href":"https:\/\/www.avrasyadental.com\/ru\/wp-json\/wp\/v2\/product_tag?post=8107"}],"curies":[{"name":"wp","href":"https:\/\/api.w.org\/{rel}","templated":true}]}}