{"id":8274,"date":"2025-12-08T16:40:15","date_gmt":"2025-12-08T13:40:15","guid":{"rendered":"https:\/\/www.avrasyadental.com\/?post_type=product&#038;p=8274"},"modified":"2025-12-08T16:43:53","modified_gmt":"2025-12-08T13:43:53","slug":"durr-vs-300-dental-cerrahi-aspirator","status":"publish","type":"product","link":"https:\/\/www.avrasyadental.com\/ru\/urun\/durr-vs-300-dental-cerrahi-aspirator\/","title":{"rendered":"D\u00dcRR VS 300 Dental Cerrahi Aspirat\u00f6r"},"content":{"rendered":"<p data-start=\"104\" data-end=\"174\">Islak aspirasyon sistemleri \u2013 Daha pek \u00e7ok \u00f6zellikle donat\u0131lm\u0131\u015ft\u0131r<\/p>\n<p data-start=\"176\" data-end=\"760\">D\u00fcrr Dental VS aspirasyon sistemleri, y\u00fcksek g\u00fcvenilirli\u011fe sahip g\u00fc\u00e7l\u00fc \u00e7\u00f6z\u00fcmler sunar. D\u00f6rt kullan\u0131c\u0131ya kadar, y\u00fcksek s\u0131v\u0131 yo\u011funluklar\u0131nda bile kesintisiz ve stabil aspirasyon performans\u0131 sa\u011flar. Entegre iki kademeli seperasyon sistemi sayesinde salg\u0131 ve kan k\u00f6p\u00fc\u011f\u00fcn\u00fcn t\u00fcrbin b\u00f6lmesine kar\u0131\u015fmas\u0131 g\u00fcvenli bir \u015fekilde \u00f6nlenir. Aspirasyon \u00fcnitesinin tahrik bile\u015feni dengeli ve titre\u015fimsiz \u00e7al\u0131\u015f\u0131r, b\u00f6ylece uzun s\u00fcreli ve g\u00fcvenilir kullan\u0131m imk\u00e2n\u0131 sunar. Ayr\u0131ca t\u00fcm kritik fonksiyon elemanlar\u0131 korozyona kar\u015f\u0131 korumal\u0131 olarak \u00fcretilmi\u015f olup sistemin dayan\u0131kl\u0131l\u0131\u011f\u0131n\u0131 \u00f6nemli \u00f6l\u00e7\u00fcde art\u0131r\u0131r.<\/p>\n<p data-start=\"762\" data-end=\"808\">Ekonomik ve yer tasarrufu sa\u011flayan tasar\u0131m<\/p>\n<p data-start=\"810\" data-end=\"1006\">VS aspirasyon \u00fcnitelerinde aspirasyon ve seperasyon i\u015flemleri tek bir tahrik mili \u00fczerinde birle\u015ftirilmi\u015ftir. Bu yap\u0131 hem ekonomik bir \u00e7\u00f6z\u00fcm sunar hem de kliniklerde de\u011ferli alan tasarrufu sa\u011flar.<\/p>\n<p data-start=\"1008\" data-end=\"1038\">Entegre seperasyon sistemi<\/p>\n<p data-start=\"1040\" data-end=\"1206\">\u0130ki kademeli entegre seperasyon sistemi, salg\u0131 ve kan k\u00f6p\u00fc\u011f\u00fcn\u00fcn t\u00fcrbin b\u00f6lmesine kar\u0131\u015fmas\u0131n\u0131 g\u00fcvenilir bi\u00e7imde engelleyerek hijyen ve g\u00fcvenli\u011fi en \u00fcst d\u00fczeye \u00e7\u0131kar\u0131r.<\/p>\n<p data-start=\"1208\" data-end=\"1229\">Korozyon korumas\u0131<\/p>\n<p data-start=\"1231\" data-end=\"1365\">T\u00fcm \u00f6nemli fonksiyonel bile\u015fenlerin korozyona kar\u015f\u0131 dayan\u0131kl\u0131 malzemelerden \u00fcretilmi\u015f olmas\u0131, sistemin uzun \u00f6m\u00fcrl\u00fcl\u00fc\u011f\u00fcn\u00fc garanti eder.<\/p>","protected":false},"excerpt":{"rendered":"<p data-start=\"104\" data-end=\"174\">Islak aspirasyon sistemleri \u2013 Daha pek \u00e7ok \u00f6zellikle donat\u0131lm\u0131\u015ft\u0131r<\/p>\n<p data-start=\"176\" data-end=\"760\">D\u00fcrr Dental VS aspirasyon sistemleri, y\u00fcksek g\u00fcvenilirli\u011fe sahip g\u00fc\u00e7l\u00fc \u00e7\u00f6z\u00fcmler sunar. D\u00f6rt kullan\u0131c\u0131ya kadar, y\u00fcksek s\u0131v\u0131 yo\u011funluklar\u0131nda bile kesintisiz ve stabil aspirasyon performans\u0131 sa\u011flar. Entegre iki kademeli seperasyon sistemi sayesinde salg\u0131 ve kan k\u00f6p\u00fc\u011f\u00fcn\u00fcn t\u00fcrbin b\u00f6lmesine kar\u0131\u015fmas\u0131 g\u00fcvenli bir \u015fekilde \u00f6nlenir. Aspirasyon \u00fcnitesinin tahrik bile\u015feni dengeli ve titre\u015fimsiz \u00e7al\u0131\u015f\u0131r, b\u00f6ylece uzun s\u00fcreli ve g\u00fcvenilir kullan\u0131m imk\u00e2n\u0131 sunar. Ayr\u0131ca t\u00fcm kritik fonksiyon elemanlar\u0131 korozyona kar\u015f\u0131 korumal\u0131 olarak \u00fcretilmi\u015f olup sistemin dayan\u0131kl\u0131l\u0131\u011f\u0131n\u0131 \u00f6nemli \u00f6l\u00e7\u00fcde art\u0131r\u0131r.<\/p>\n<p data-start=\"762\" data-end=\"808\">Ekonomik ve yer tasarrufu sa\u011flayan tasar\u0131m<\/p>\n<p data-start=\"810\" data-end=\"1006\">VS aspirasyon \u00fcnitelerinde aspirasyon ve seperasyon i\u015flemleri tek bir tahrik mili \u00fczerinde birle\u015ftirilmi\u015ftir. Bu yap\u0131 hem ekonomik bir \u00e7\u00f6z\u00fcm sunar hem de kliniklerde de\u011ferli alan tasarrufu sa\u011flar.<\/p>\n<p data-start=\"1008\" data-end=\"1038\">Entegre seperasyon sistemi<\/p>\n<p data-start=\"1040\" data-end=\"1206\">\u0130ki kademeli entegre seperasyon sistemi, salg\u0131 ve kan k\u00f6p\u00fc\u011f\u00fcn\u00fcn t\u00fcrbin b\u00f6lmesine kar\u0131\u015fmas\u0131n\u0131 g\u00fcvenilir bi\u00e7imde engelleyerek hijyen ve g\u00fcvenli\u011fi en \u00fcst d\u00fczeye \u00e7\u0131kar\u0131r.<\/p>\n<p data-start=\"1208\" data-end=\"1229\">Korozyon korumas\u0131<\/p>\n<p data-start=\"1231\" data-end=\"1365\">T\u00fcm \u00f6nemli fonksiyonel bile\u015fenlerin korozyona kar\u015f\u0131 dayan\u0131kl\u0131 malzemelerden \u00fcretilmi\u015f olmas\u0131, sistemin uzun \u00f6m\u00fcrl\u00fcl\u00fc\u011f\u00fcn\u00fc garanti eder.<\/p>","protected":false},"featured_media":8275,"comment_status":"open","ping_status":"closed","template":"","meta":[],"product_brand":[1947],"product_cat":[1417,1423,1418],"product_tag":[1950,1948,1949],"class_list":{"0":"post-8274","1":"product","2":"type-product","3":"status-publish","4":"has-post-thumbnail","6":"product_brand-durr-dental","7":"product_cat-cihazlar","8":"product_cat-cerrahi-asprator","9":"product_cat-unit-ve-aksesuar","10":"product_tag-cerrahi-aspirator","11":"product_tag-durr","12":"product_tag-vs300","14":"first","15":"instock","16":"taxable","17":"shipping-taxable","18":"purchasable","19":"product-type-simple"},"_links":{"self":[{"href":"https:\/\/www.avrasyadental.com\/ru\/wp-json\/wp\/v2\/product\/8274","targetHints":{"allow":["GET"]}}],"collection":[{"href":"https:\/\/www.avrasyadental.com\/ru\/wp-json\/wp\/v2\/product"}],"about":[{"href":"https:\/\/www.avrasyadental.com\/ru\/wp-json\/wp\/v2\/types\/product"}],"replies":[{"embeddable":true,"href":"https:\/\/www.avrasyadental.com\/ru\/wp-json\/wp\/v2\/comments?post=8274"}],"wp:featuredmedia":[{"embeddable":true,"href":"https:\/\/www.avrasyadental.com\/ru\/wp-json\/wp\/v2\/media\/8275"}],"wp:attachment":[{"href":"https:\/\/www.avrasyadental.com\/ru\/wp-json\/wp\/v2\/media?parent=8274"}],"wp:term":[{"taxonomy":"product_brand","embeddable":true,"href":"https:\/\/www.avrasyadental.com\/ru\/wp-json\/wp\/v2\/product_brand?post=8274"},{"taxonomy":"product_cat","embeddable":true,"href":"https:\/\/www.avrasyadental.com\/ru\/wp-json\/wp\/v2\/product_cat?post=8274"},{"taxonomy":"product_tag","embeddable":true,"href":"https:\/\/www.avrasyadental.com\/ru\/wp-json\/wp\/v2\/product_tag?post=8274"}],"curies":[{"name":"wp","href":"https:\/\/api.w.org\/{rel}","templated":true}]}}